{"id":64,"date":"2021-10-25T18:54:35","date_gmt":"2021-10-25T16:54:35","guid":{"rendered":"http:\/\/ipgsconseils.fr\/?page_id=64"},"modified":"2024-01-09T15:53:22","modified_gmt":"2024-01-09T14:53:22","slug":"programme-daccompagnement-changer-de-job-en-toute-serenite","status":"publish","type":"page","link":"https:\/\/ipgsconseils.fr\/?page_id=64","title":{"rendered":"Programme d&rsquo;accompagnement \u00ab\u00a0Changer de job en toute s\u00e9r\u00e9nit\u00e9\u00a0\u00bb"},"content":{"rendered":"\n<h2 class=\"wp-block-heading\">Modalit\u00e9s<\/h2>\n\n\n\n<p>Le programme d&rsquo;accompagnement que je vous propose se d\u00e9roule <strong>enti\u00e8rement par visioconf\u00e9rence, c&rsquo;est-\u00e0-dire compl\u00e8tement \u00e0 distance<\/strong>.<br><br>Pour suivre une s\u00e9ance, pas besoin de prendre votre voiture, de trouver une place de parking ou de prendre les transports en commun&#8230; Vous vous pr\u00e9parez simplement un bon caf\u00e9 et vous vous installez dans un endroit calme pour ne pas \u00eatre d\u00e9rang\u00e9.<\/p>\n\n\n\n<p>La s\u00e9ance peut alors commencer en suivant un lien de connexion que je vous fournirai en amont. Un ordinateur, une tablette ou un t\u00e9l\u00e9phone portable, ainsi qu&rsquo;une connexion Internet correcte, nous permettent de nous rencontrer en visio dans les meilleures conditions.<\/p>\n\n\n\n<h2 class=\"wp-block-heading\">Contenu<\/h2>\n\n\n\n<p>Ce programme se d\u00e9roule en <strong>8 s\u00e9ances visio d&rsquo;une heure chacune<\/strong>. Les s\u00e9ances s\u2019encha\u00eenent <strong>au mieux toutes les semaines<\/strong>. <strong>Il dure donc en moyenne 2 mois<\/strong>.<\/p>\n\n\n\n<p>Au cours de cet accompagnement :<\/p>\n\n\n\n<p>\u2705 Je vous aiderai \u00e0 d\u00e9finir clairement votre projet professionnel ;<\/p>\n\n\n\n<p>\u2705 Je vous transmettrai des outils de gestion du stress ;<\/p>\n\n\n\n<p>\u2705 Je vous conseillerai sur la pr\u00e9sentation et le contenu de votre CV, ainsi que sur la r\u00e9daction de votre lettre de motivation ;<\/p>\n\n\n\n<p>\u2705 Je vous guiderai dans votre prospection des entreprises et le suivi de vos candidatures ;<\/p>\n\n\n\n<p>\u2705 Je vous pr\u00e9parerai \u00e0 l&rsquo;entretien de recrutement.<\/p>\n\n\n\n<h2 class=\"wp-block-heading\">Renseignements gratuits sans engagement<\/h2>\n\n\n\n<p>Pour en savoir plus, merci de m\u2019envoyer un message \u00e0 :<\/p>\n\n\n\n<p class=\"has-text-align-center\">ipgsconseils@gmail.com<\/p>\n\n\n\n<p class=\"has-text-align-center\">ou sur <a href=\"https:\/\/www.linkedin.com\/in\/nathalie-manaut-102157113\/\">Nathalie MANAUT | LinkedIn<\/a><\/p>\n\n\n\n<p>en indiquant vos coordonn\u00e9es et en pr\u00e9cisant votre demande, afin que je puisse vous rappeler en dehors de mes rdv et r\u00e9pondre \u00e0 toutes vos questions.<\/p>\n","protected":false},"excerpt":{"rendered":"<p>Modalit\u00e9s Le programme d&rsquo;accompagnement que je vous propose se d\u00e9roule enti\u00e8rement par visioconf\u00e9rence, c&rsquo;est-\u00e0-dire compl\u00e8tement \u00e0 distance. Pour suivre une s\u00e9ance, pas besoin de prendre votre voiture, de trouver une place de parking ou de prendre les transports en commun&#8230; Vous vous pr\u00e9parez simplement un bon caf\u00e9 et vous vous installez dans un endroit calme &hellip; <\/p>\n<p class=\"link-more\"><a href=\"https:\/\/ipgsconseils.fr\/?page_id=64\" class=\"more-link\">Continuer la lecture<span class=\"screen-reader-text\"> de &laquo;&nbsp;Programme d&rsquo;accompagnement \u00ab\u00a0Changer de job en toute s\u00e9r\u00e9nit\u00e9\u00a0\u00bb&nbsp;&raquo;<\/span><\/a><\/p>\n","protected":false},"author":1,"featured_media":0,"parent":0,"menu_order":0,"comment_status":"closed","ping_status":"closed","template":"","meta":{"footnotes":""},"class_list":["post-64","page","type-page","status-publish","hentry"],"_links":{"self":[{"href":"https:\/\/ipgsconseils.fr\/index.php?rest_route=\/wp\/v2\/pages\/64","targetHints":{"allow":["GET"]}}],"collection":[{"href":"https:\/\/ipgsconseils.fr\/index.php?rest_route=\/wp\/v2\/pages"}],"about":[{"href":"https:\/\/ipgsconseils.fr\/index.php?rest_route=\/wp\/v2\/types\/page"}],"author":[{"embeddable":true,"href":"https:\/\/ipgsconseils.fr\/index.php?rest_route=\/wp\/v2\/users\/1"}],"replies":[{"embeddable":true,"href":"https:\/\/ipgsconseils.fr\/index.php?rest_route=%2Fwp%2Fv2%2Fcomments&post=64"}],"version-history":[{"count":41,"href":"https:\/\/ipgsconseils.fr\/index.php?rest_route=\/wp\/v2\/pages\/64\/revisions"}],"predecessor-version":[{"id":336,"href":"https:\/\/ipgsconseils.fr\/index.php?rest_route=\/wp\/v2\/pages\/64\/revisions\/336"}],"wp:attachment":[{"href":"https:\/\/ipgsconseils.fr\/index.php?rest_route=%2Fwp%2Fv2%2Fmedia&parent=64"}],"curies":[{"name":"wp","href":"https:\/\/api.w.org\/{rel}","templated":true}]}}