{"id":55,"date":"2021-10-25T19:08:11","date_gmt":"2021-10-25T17:08:11","guid":{"rendered":"http:\/\/ipgsconseils.fr\/?page_id=55"},"modified":"2024-01-09T16:04:56","modified_gmt":"2024-01-09T15:04:56","slug":"a-propos-de-moi","status":"publish","type":"page","link":"https:\/\/ipgsconseils.fr\/?page_id=55","title":{"rendered":"A propos d&rsquo;IPGS Conseils"},"content":{"rendered":"\n<p>IPGS Conseils est n\u00e9e de l&rsquo;envie que j&rsquo;avais de combiner mes comp\u00e9tences professionnelles \u00ab\u00a0M\u00e9tier\u00a0\u00bb avec mes comp\u00e9tences en gestion du stress.<\/p>\n\n\n\n<p>En effet, depuis toujours je consacre ma carri\u00e8re \u00e0 accompagner des professionnels en entreprises, ainsi qu&rsquo;\u00e0 former des adultes en reconversion ou en d\u00e9veloppement professionnel.<\/p>\n\n\n\n<p>En dehors des formations que je dispense sur des parcours certifi\u00e9s en organismes de formation, notamment en Ressources Humaines, je conseille et coache les personnes dans leur retour \u00e0 l&#8217;emploi.<\/p>\n\n\n\n<p>En parall\u00e8le, je me suis form\u00e9e en 2016 au m\u00e9tier de Sophrologue \u00e0 l&rsquo;Acad\u00e9mie de Sophrologie de Paris, ainsi qu&rsquo;\u00e0 la pratique de la Coh\u00e9rence Cardiaque avec le Docteur O&rsquo;HARE. Apr\u00e8s avoir obtenu ma certification RNCP, j&rsquo;ai exerc\u00e9 en cabinet pendant 3 ans.<\/p>\n\n\n\n<p>Cette exp\u00e9rience me permet d&rsquo;aider efficacement les personnes &#8211; au-del\u00e0 du Conseil en Insertion Professionnelle &#8211; \u00e0 (re)prendre confiance en elles et \u00e0 ma\u00eetriser leur stress pour l&rsquo;entretien de recrutement, par la transmission d&rsquo;outils adapt\u00e9s.<\/p>\n\n\n<div class=\"wp-block-image\">\n<figure class=\"aligncenter size-medium\"><img loading=\"lazy\" decoding=\"async\" width=\"251\" height=\"300\" src=\"https:\/\/ipgsconseils.fr\/wp-content\/uploads\/2021\/10\/MANAUT_Photo-251x300.jpg\" alt=\"\" class=\"wp-image-59\" srcset=\"https:\/\/ipgsconseils.fr\/wp-content\/uploads\/2021\/10\/MANAUT_Photo-251x300.jpg 251w, https:\/\/ipgsconseils.fr\/wp-content\/uploads\/2021\/10\/MANAUT_Photo-858x1024.jpg 858w, https:\/\/ipgsconseils.fr\/wp-content\/uploads\/2021\/10\/MANAUT_Photo-768x916.jpg 768w, https:\/\/ipgsconseils.fr\/wp-content\/uploads\/2021\/10\/MANAUT_Photo-1287x1536.jpg 1287w, https:\/\/ipgsconseils.fr\/wp-content\/uploads\/2021\/10\/MANAUT_Photo-1717x2048.jpg 1717w, https:\/\/ipgsconseils.fr\/wp-content\/uploads\/2021\/10\/MANAUT_Photo-1200x1432.jpg 1200w, https:\/\/ipgsconseils.fr\/wp-content\/uploads\/2021\/10\/MANAUT_Photo-1980x2362.jpg 1980w\" sizes=\"auto, (max-width: 251px) 100vw, 251px\" \/><\/figure>\n<\/div>\n\n\n<p class=\"has-text-align-center\"><strong>Nathalie MANAUT<\/strong><br><em>Coach en Insertion Professionnelle<\/em><br><em>Formatrice en Ressources Humaines et M\u00e9tiers du Tertiaire<br>Sophrologue RNCP <em>certifi\u00e9e<\/em> de 2016 \u00e0 2021<br>Praticienne en Coh\u00e9rence Cardiaque<\/em><\/p>\n\n\n\n<p class=\"has-text-align-center\">Contact : ipgsconseils@gmail.com<\/p>\n\n\n\n<p class=\"has-text-align-center\"><a href=\"https:\/\/www.linkedin.com\/in\/nathalie-manaut-102157113\/\">Nathalie MANAUT | LinkedIn<\/a><\/p>\n\n\n\n<p class=\"has-text-align-center\">Renseignements gratuits sans engagement.<\/p>\n","protected":false},"excerpt":{"rendered":"<p>IPGS Conseils est n\u00e9e de l&rsquo;envie que j&rsquo;avais de combiner mes comp\u00e9tences professionnelles \u00ab\u00a0M\u00e9tier\u00a0\u00bb avec mes comp\u00e9tences en gestion du stress. En effet, depuis toujours je consacre ma carri\u00e8re \u00e0 accompagner des professionnels en entreprises, ainsi qu&rsquo;\u00e0 former des adultes en reconversion ou en d\u00e9veloppement professionnel. En dehors des formations que je dispense sur des &hellip; <\/p>\n<p class=\"link-more\"><a href=\"https:\/\/ipgsconseils.fr\/?page_id=55\" class=\"more-link\">Continuer la lecture<span class=\"screen-reader-text\"> de &laquo;&nbsp;A propos d&rsquo;IPGS Conseils&nbsp;&raquo;<\/span><\/a><\/p>\n","protected":false},"author":1,"featured_media":0,"parent":0,"menu_order":0,"comment_status":"closed","ping_status":"closed","template":"","meta":{"footnotes":""},"class_list":["post-55","page","type-page","status-publish","hentry"],"_links":{"self":[{"href":"https:\/\/ipgsconseils.fr\/index.php?rest_route=\/wp\/v2\/pages\/55","targetHints":{"allow":["GET"]}}],"collection":[{"href":"https:\/\/ipgsconseils.fr\/index.php?rest_route=\/wp\/v2\/pages"}],"about":[{"href":"https:\/\/ipgsconseils.fr\/index.php?rest_route=\/wp\/v2\/types\/page"}],"author":[{"embeddable":true,"href":"https:\/\/ipgsconseils.fr\/index.php?rest_route=\/wp\/v2\/users\/1"}],"replies":[{"embeddable":true,"href":"https:\/\/ipgsconseils.fr\/index.php?rest_route=%2Fwp%2Fv2%2Fcomments&post=55"}],"version-history":[{"count":48,"href":"https:\/\/ipgsconseils.fr\/index.php?rest_route=\/wp\/v2\/pages\/55\/revisions"}],"predecessor-version":[{"id":342,"href":"https:\/\/ipgsconseils.fr\/index.php?rest_route=\/wp\/v2\/pages\/55\/revisions\/342"}],"wp:attachment":[{"href":"https:\/\/ipgsconseils.fr\/index.php?rest_route=%2Fwp%2Fv2%2Fmedia&parent=55"}],"curies":[{"name":"wp","href":"https:\/\/api.w.org\/{rel}","templated":true}]}}