{"id":321,"date":"2023-10-24T13:03:56","date_gmt":"2023-10-24T11:03:56","guid":{"rendered":"https:\/\/ipgsconseils.fr\/?page_id=321"},"modified":"2024-01-09T15:56:45","modified_gmt":"2024-01-09T14:56:45","slug":"un-cv-au-top","status":"publish","type":"page","link":"https:\/\/ipgsconseils.fr\/?page_id=321","title":{"rendered":"Un CV au top"},"content":{"rendered":"\n<p>Vous avez besoin d&rsquo;un <strong>CV moderne<\/strong>, <strong>percutant et qui vous mette en valeur<\/strong> ?<\/p>\n\n\n\n<p>Alors je peux vous aider \ud83c\udf08<\/p>\n\n\n\n<p>En <strong>trois s\u00e9ances de coaching<\/strong>, je vous accompagne pour refaire votre CV de fa\u00e7on optimale, en respectant les attentes des recruteurs, et en utilisant des outils adapt\u00e9s et actuels. <\/p>\n\n\n\n<p>B\u00e9n\u00e9ficiez de mon expertise en mati\u00e8re de CV et de mon professionnalisme <strong>pour vous donner toutes les chances <\/strong>de d\u00e9crocher un entretien <strong>avec un CV au top<\/strong> \ud83c\udfaf<\/p>\n\n\n\n<p>Depuis 2021, j&rsquo;ai d\u00e9j\u00e0 accompagn\u00e9 <strong>plus de 130 personnes<\/strong> dans la r\u00e9alisation de leur CV et les <strong>succ\u00e8s sont tr\u00e8s nombreux<\/strong> \ud83d\ude80<\/p>\n\n\n\n<h2 class=\"wp-block-heading\">Renseignements gratuits sans engagement<\/h2>\n\n\n\n<p>Pour en savoir plus, merci de m\u2019envoyer un message \u00e0 :<\/p>\n\n\n\n<p class=\"has-text-align-center\">ipgsconseils@gmail.com<\/p>\n\n\n\n<p class=\"has-text-align-center\">ou sur <a href=\"https:\/\/www.linkedin.com\/in\/nathalie-manaut-102157113\/\">Nathalie MANAUT | LinkedIn<\/a><\/p>\n\n\n\n<p>en indiquant vos coordonn\u00e9es et en pr\u00e9cisant votre demande, afin que je puisse vous rappeler en dehors de mes rdv et r\u00e9pondre \u00e0 toutes vos questions.<\/p>\n","protected":false},"excerpt":{"rendered":"<p>Vous avez besoin d&rsquo;un CV moderne, percutant et qui vous mette en valeur ? Alors je peux vous aider \ud83c\udf08 En trois s\u00e9ances de coaching, je vous accompagne pour refaire votre CV de fa\u00e7on optimale, en respectant les attentes des recruteurs, et en utilisant des outils adapt\u00e9s et actuels. B\u00e9n\u00e9ficiez de mon expertise en mati\u00e8re &hellip; <\/p>\n<p class=\"link-more\"><a href=\"https:\/\/ipgsconseils.fr\/?page_id=321\" class=\"more-link\">Continuer la lecture<span class=\"screen-reader-text\"> de &laquo;&nbsp;Un CV au top&nbsp;&raquo;<\/span><\/a><\/p>\n","protected":false},"author":1,"featured_media":0,"parent":0,"menu_order":0,"comment_status":"closed","ping_status":"closed","template":"","meta":{"footnotes":""},"class_list":["post-321","page","type-page","status-publish","hentry"],"_links":{"self":[{"href":"https:\/\/ipgsconseils.fr\/index.php?rest_route=\/wp\/v2\/pages\/321","targetHints":{"allow":["GET"]}}],"collection":[{"href":"https:\/\/ipgsconseils.fr\/index.php?rest_route=\/wp\/v2\/pages"}],"about":[{"href":"https:\/\/ipgsconseils.fr\/index.php?rest_route=\/wp\/v2\/types\/page"}],"author":[{"embeddable":true,"href":"https:\/\/ipgsconseils.fr\/index.php?rest_route=\/wp\/v2\/users\/1"}],"replies":[{"embeddable":true,"href":"https:\/\/ipgsconseils.fr\/index.php?rest_route=%2Fwp%2Fv2%2Fcomments&post=321"}],"version-history":[{"count":3,"href":"https:\/\/ipgsconseils.fr\/index.php?rest_route=\/wp\/v2\/pages\/321\/revisions"}],"predecessor-version":[{"id":338,"href":"https:\/\/ipgsconseils.fr\/index.php?rest_route=\/wp\/v2\/pages\/321\/revisions\/338"}],"wp:attachment":[{"href":"https:\/\/ipgsconseils.fr\/index.php?rest_route=%2Fwp%2Fv2%2Fmedia&parent=321"}],"curies":[{"name":"wp","href":"https:\/\/api.w.org\/{rel}","templated":true}]}}