{"id":247,"date":"2022-10-18T11:18:44","date_gmt":"2022-10-18T09:18:44","guid":{"rendered":"https:\/\/ipgsconseils.fr\/?page_id=247"},"modified":"2024-01-09T16:02:48","modified_gmt":"2024-01-09T15:02:48","slug":"temoignages","status":"publish","type":"page","link":"https:\/\/ipgsconseils.fr\/?page_id=247","title":{"rendered":"T\u00e9moignages"},"content":{"rendered":"\n<p>\ud83d\udfe9 \u00ab\u00a0A la suite d\u2019une r\u00e9orientation professionnelle, j\u2019ai pu \u00eatre accompagn\u00e9 par Nathalie Manaut afin de me pr\u00e9parer \u00e0 la recherche d\u2019un nouvel emploi.<br>Tout au long d\u2019une demi-douzaine d\u2019\u00e9changes (en visio), l\u2019empathie et la bienveillance de Nathalie m\u2019ont aid\u00e9 \u00e0 mieux cadrer mon projet professionnel, \u00e0 verbaliser mes comp\u00e9tences pour \u00eatre capable de les retranscrire lors de mes entretiens.<br>Nous avons travaill\u00e9 sur les outils classiques tels que CV et lettre de motivation (avec une approche moderne et adapt\u00e9e \u00e0 la demande des recruteurs), mais aussi sur le profil LinkedIn, ou la m\u00e9thodologie de recherche d\u2019emploi (comment organiser et suivre sa recherche, relancer les recruteurs, d\u00e9velopper son r\u00e9seau, etc.).<br>Une part importante a \u00e9t\u00e9 donn\u00e9e \u00e0 l\u2019oral avec notamment la pr\u00e9paration d\u2019un \u00ab\u00a0pitch\u00a0\u00bb permettant d\u2019\u00eatre plus \u00e0 l\u2019aise lorsqu\u2019il s\u2019agit de se pr\u00e9senter de vive voix.<br>Nathalie m\u2019a orient\u00e9 dans toutes ces t\u00e2ches avec son regard pertinent, en dispensant des conseils qui se sont r\u00e9v\u00e9l\u00e9s tr\u00e8s utiles\u00a0: mon CV, plus direct et percutant, a \u00e9t\u00e9 rapidement rep\u00e9r\u00e9, et mes entretiens sont devenus plus fluides gr\u00e2ce \u00e0 des mises en situation.<br>J\u2019ai d\u2019ailleurs retrouv\u00e9 rapidement un emploi, et je peux dire maintenant que je suis en train de gagner mon pari de r\u00e9orientation professionnelle \u2026<br>Je ne peux donc que vous recommander de faire confiance \u00e0 Nathalie, qui sait rendre les sessions de travail agr\u00e9ables et inspirantes. Je suis sorti de ce coaching tr\u00e8s motiv\u00e9, et cela a port\u00e9 ses fruits\u00a0!\u00a0\u00bb<\/p>\n\n\n\n<p>Aur\u00e9lien TERREN<\/p>\n\n\n\n<hr class=\"wp-block-separator has-alpha-channel-opacity\"\/>\n\n\n\n<p>\ud83d\udfe9 \u00ab\u00a0Le coaching m\u2019a permis de structurer mon projet et d&rsquo;avoir une m\u00e9thodologie qui fonctionne.<br>J&rsquo;ai travers\u00e9 une p\u00e9riode difficile et Nathalie a su me redonner confiance en moi, me remotiver.<br>Cela m&rsquo;a grandement aid\u00e9 \u00e0 me surpasser et \u00e0 enfin me lancer dans mes projets sans avoir peur.<br>Nathalie est tr\u00e8s \u00e0 l&rsquo;\u00e9coute, comp\u00e9tente et d&rsquo;une bienveillance remarquable.<br>Ce fut un r\u00e9el plaisir de faire ces s\u00e9ances de coaching ! Merci encore Nathalie.\u00a0\u00bb<\/p>\n\n\n\n<p>Mila GRAPHISTE<\/p>\n\n\n\n<hr class=\"wp-block-separator has-alpha-channel-opacity\"\/>\n\n\n\n<p>\ud83d\udfe9 \u00ab\u00a0Initialement docteur ing\u00e9nieur en m\u00e9canique des fluides, j&rsquo;ai voulu faire une reconversion dans l&rsquo;informatique. Ainsi, apr\u00e8s une formation li\u00e9e au d\u00e9veloppement web, je fus confront\u00e9 au dur monde du recrutement. Et bien&#8230;pas si dur que cela, puisqu&rsquo;avec les conseils de Nathalie j&rsquo;ai rapidement eu des entretiens qui ont d\u00e9bouch\u00e9\u00a0apr\u00e8s 1mois et demi sur 3 offres de postes et l&rsquo;acceptation de mon CDI actuel. Relecture et refonte du CV, gestion de mon compte LinkedIn mais aussi travail sur la veille et les soft skills sont autant de points sur lesquels Nathalie et moi avons travaill\u00e9, tout cela dans un climat de bienveillance, de compr\u00e9hension et d&rsquo;humanisme. Je la remercie pour tout ce travail et la recommande fortement.\u00a0\u00bb\u00a0<\/p>\n\n\n\n<p>Bruno RAMAEL<\/p>\n\n\n\n<hr class=\"wp-block-separator has-alpha-channel-opacity\"\/>\n\n\n\n<p>\ud83d\udfe9 \u00ab\u00a0Apr\u00e8s une reconversion professionnelle et une formation en ing\u00e9nierie p\u00e9dagogique, Nathalie m&rsquo; a accompagn\u00e9e dans la cr\u00e9ation de\u00a0mon entreprise. Sa bienveillance et son expertise m&rsquo;ont permis de mettre en place une m\u00e9thodologie efficiente, des jalons atteignables et des outils de gestion\u2026 Gr\u00e2ce \u00e0 ses conseils, j&rsquo; ai pu trouver des pistes de d\u00e9veloppement pour mon r\u00e9seau et donc une meilleure visibilit\u00e9.\u00a0\u00bb<\/p>\n\n\n\n<p>Christelle<\/p>\n\n\n\n<hr class=\"wp-block-separator has-alpha-channel-opacity\"\/>\n\n\n\n<p>\ud83d\udfe9 \u00ab\u00a0J\u2019ai eu l\u2019occasion d\u2019\u00eatre accompagn\u00e9 par Nathalie Manaut en coaching professionnel lors de ma sortie de formation de Data Scientist. Le soutien bienveillant de Nathalie m\u2019a aid\u00e9 \u00e0 prendre un nouveau tournant dans ma carri\u00e8re et ses conseils pratiques m\u2019ont permis d\u2019aborder sereinement ma recherche d\u2019emploi. Je garde un souvenir tr\u00e8s positif de nos interactions.\u00a0\u00bb<\/p>\n\n\n\n<p>Florent WIJANTO<\/p>\n\n\n\n<hr class=\"wp-block-separator has-alpha-channel-opacity\"\/>\n\n\n\n<p>\ud83d\udfe9 \u00ab\u00a0Gr\u00e2ce \u00e0 Nathalie qui m\u2019a coach\u00e9 pour ma recherche d\u2019alternance, j\u2019ai pu aller sereine et pr\u00e9par\u00e9e \u00e0 mes entretiens d\u2019embauche et avoir davantage confiance en moi. Je recommande vivement ses services !\u00a0\u00bb<\/p>\n\n\n\n<p>Clara<\/p>\n\n\n\n<hr class=\"wp-block-separator has-alpha-channel-opacity\"\/>\n\n\n\n<p>\ud83d\udfe9 \u00ab\u00a0L\u2019accompagnement de Nathalie au travers de la recherche d\u2019alternance m\u2019a permis de travailler de multiples facettes de la recherche, notamment les m\u00e9thodes, la fa\u00e7on de s\u2019exprimer, de se vendre face \u00e0 un recruteur.<br>Toutes ces qualit\u00e9s essentielles \u00e0 avoir quand on se confronte \u00e0 une recherche d\u2019emploi ou une alternance.<br>Nathalie est une personne \u00e0 l\u2019\u00e9coute, qui donne un r\u00e9el suivi de chaque \u00e9tape travaill\u00e9e ensemble, et ce jusqu\u2019\u00e0 ce que la bonne porte s\u2019ouvre.<br>Je ne regrette en rien cet accompagnement car il m\u2019a \u00e9t\u00e9 b\u00e9n\u00e9fique en tout point.\u00a0\u00bb<\/p>\n\n\n\n<p>Maxime PUCCI<\/p>\n\n\n\n<hr class=\"wp-block-separator has-alpha-channel-opacity\"\/>\n\n\n\n<p>\ud83d\udfe9 \u00ab\u00a0J&rsquo;ai \u00e9t\u00e9 suivi pendant deux mois par Nathalie pour ma recherche d&#8217;emploi et elle ne laisse rien au hasard.\u00a0Toujours dynamique et souriante, Nathalie a su m&rsquo;accompagner au mieux avec une efficacit\u00e9 redoutable, et cela a \u00e9t\u00e9 un succ\u00e8s. J&rsquo;ai d\u00e9croch\u00e9 le job de mes r\u00eaves, s\u00fbrement beaucoup gr\u00e2ce \u00e0 ses pr\u00e9cieux conseils et encouragements.\u00a0\u00bb<\/p>\n\n\n\n<p>Sylvain MAZOYER<\/p>\n\n\n\n<hr class=\"wp-block-separator has-alpha-channel-opacity\"\/>\n\n\n\n<p>\ud83d\udfe9 \u00ab\u00a0Je remercie grandement Nathalie pour son accompagnement qui fut d&rsquo;une grande richesse professionnelle. Tr\u00e8s disponible et \u00e0 l&rsquo;\u00e9coute , elle a su me conduire sur le chemin de la r\u00e9ussite.\u00a0\u00bb<\/p>\n\n\n\n<p>Emmanuel<\/p>\n\n\n\n<hr class=\"wp-block-separator has-alpha-channel-opacity\"\/>\n\n\n\n<p>\ud83d\udfe9 \u00ab\u00a0Nathalie est une personne tr\u00e8s\u00a0sympathique, elle m&rsquo;a aid\u00e9 \u00e0 r\u00e9aliser un CV impeccable, organis\u00e9 et qui donne envie aux employeurs \u00e0 lire.\u00a0Elle m&rsquo;a aussi aid\u00e9 \u00e0 r\u00e9gler mon profil LinkedIn, ainsi que d&rsquo;autres conseils professionnels sur l&rsquo;utilisation de LinkedIn.\u00a0\u00bb<\/p>\n\n\n\n<p>Yamen<\/p>\n","protected":false},"excerpt":{"rendered":"<p>\ud83d\udfe9 \u00ab\u00a0A la suite d\u2019une r\u00e9orientation professionnelle, j\u2019ai pu \u00eatre accompagn\u00e9 par Nathalie Manaut afin de me pr\u00e9parer \u00e0 la recherche d\u2019un nouvel emploi.Tout au long d\u2019une demi-douzaine d\u2019\u00e9changes (en visio), l\u2019empathie et la bienveillance de Nathalie m\u2019ont aid\u00e9 \u00e0 mieux cadrer mon projet professionnel, \u00e0 verbaliser mes comp\u00e9tences pour \u00eatre capable de les retranscrire &hellip; <\/p>\n<p class=\"link-more\"><a href=\"https:\/\/ipgsconseils.fr\/?page_id=247\" class=\"more-link\">Continuer la lecture<span class=\"screen-reader-text\"> de &laquo;&nbsp;T\u00e9moignages&nbsp;&raquo;<\/span><\/a><\/p>\n","protected":false},"author":1,"featured_media":0,"parent":0,"menu_order":0,"comment_status":"closed","ping_status":"closed","template":"","meta":{"footnotes":""},"class_list":["post-247","page","type-page","status-publish","hentry"],"_links":{"self":[{"href":"https:\/\/ipgsconseils.fr\/index.php?rest_route=\/wp\/v2\/pages\/247","targetHints":{"allow":["GET"]}}],"collection":[{"href":"https:\/\/ipgsconseils.fr\/index.php?rest_route=\/wp\/v2\/pages"}],"about":[{"href":"https:\/\/ipgsconseils.fr\/index.php?rest_route=\/wp\/v2\/types\/page"}],"author":[{"embeddable":true,"href":"https:\/\/ipgsconseils.fr\/index.php?rest_route=\/wp\/v2\/users\/1"}],"replies":[{"embeddable":true,"href":"https:\/\/ipgsconseils.fr\/index.php?rest_route=%2Fwp%2Fv2%2Fcomments&post=247"}],"version-history":[{"count":17,"href":"https:\/\/ipgsconseils.fr\/index.php?rest_route=\/wp\/v2\/pages\/247\/revisions"}],"predecessor-version":[{"id":341,"href":"https:\/\/ipgsconseils.fr\/index.php?rest_route=\/wp\/v2\/pages\/247\/revisions\/341"}],"wp:attachment":[{"href":"https:\/\/ipgsconseils.fr\/index.php?rest_route=%2Fwp%2Fv2%2Fmedia&parent=247"}],"curies":[{"name":"wp","href":"https:\/\/api.w.org\/{rel}","templated":true}]}}