{"id":227,"date":"2022-07-25T12:01:58","date_gmt":"2022-07-25T10:01:58","guid":{"rendered":"https:\/\/ipgsconseils.fr\/?page_id=227"},"modified":"2024-01-09T16:14:40","modified_gmt":"2024-01-09T15:14:40","slug":"gestion-du-stress","status":"publish","type":"page","link":"https:\/\/ipgsconseils.fr\/?page_id=227","title":{"rendered":"Gestion du stress et d\u00e9veloppement des capacit\u00e9s"},"content":{"rendered":"\n<p>Sophrologue dipl\u00f4m\u00e9e  RNCP de l&rsquo;Acad\u00e9mie de Sophrologie de Paris en 2016 et praticienne en Coh\u00e9rence Cardiaque form\u00e9e par le Dr O&rsquo;HARE sp\u00e9cialiste de cette discipline, je vous propose des ateliers individuels ou en groupe, en distanciel ou pr\u00e9sentiel en entreprise selon la distance :<\/p>\n\n\n\n<p>\u2705 G\u00e9rer son stress avec la Coh\u00e9rence Cardiaque et la relaxation ;<\/p>\n\n\n\n<p>\u2705 Retrouver ou renforcer l&rsquo;estime de soi ;<\/p>\n\n\n\n<p>\u2705 D\u00e9velopper sa concentration ;<\/p>\n\n\n\n<p>\u2705 Entrainer sa m\u00e9moire.<\/p>\n\n\n\n<p>Pour en savoir plus, merci de m\u2019envoyer un message \u00e0 :<\/p>\n\n\n\n<p class=\"has-text-align-center\">ipgsconseils@gmail.com<\/p>\n\n\n\n<p class=\"has-text-align-center\">ou sur <a href=\"https:\/\/www.linkedin.com\/in\/nathalie-manaut-102157113\/\">Nathalie MANAUT | LinkedIn<\/a><\/p>\n\n\n\n<p>en indiquant vos coordonn\u00e9es et en pr\u00e9cisant votre demande, afin que je puisse vous rappeler en dehors de mes rdv et r\u00e9pondre \u00e0 toutes vos questions.<\/p>\n\n\n\n<p>Renseignements gratuits sans engagement.<\/p>\n","protected":false},"excerpt":{"rendered":"<p>Sophrologue dipl\u00f4m\u00e9e RNCP de l&rsquo;Acad\u00e9mie de Sophrologie de Paris en 2016 et praticienne en Coh\u00e9rence Cardiaque form\u00e9e par le Dr O&rsquo;HARE sp\u00e9cialiste de cette discipline, je vous propose des ateliers individuels ou en groupe, en distanciel ou pr\u00e9sentiel en entreprise selon la distance : \u2705 G\u00e9rer son stress avec la Coh\u00e9rence Cardiaque et la relaxation &hellip; <\/p>\n<p class=\"link-more\"><a href=\"https:\/\/ipgsconseils.fr\/?page_id=227\" class=\"more-link\">Continuer la lecture<span class=\"screen-reader-text\"> de &laquo;&nbsp;Gestion du stress et d\u00e9veloppement des capacit\u00e9s&nbsp;&raquo;<\/span><\/a><\/p>\n","protected":false},"author":1,"featured_media":0,"parent":0,"menu_order":0,"comment_status":"closed","ping_status":"closed","template":"","meta":{"footnotes":""},"class_list":["post-227","page","type-page","status-publish","hentry"],"_links":{"self":[{"href":"https:\/\/ipgsconseils.fr\/index.php?rest_route=\/wp\/v2\/pages\/227","targetHints":{"allow":["GET"]}}],"collection":[{"href":"https:\/\/ipgsconseils.fr\/index.php?rest_route=\/wp\/v2\/pages"}],"about":[{"href":"https:\/\/ipgsconseils.fr\/index.php?rest_route=\/wp\/v2\/types\/page"}],"author":[{"embeddable":true,"href":"https:\/\/ipgsconseils.fr\/index.php?rest_route=\/wp\/v2\/users\/1"}],"replies":[{"embeddable":true,"href":"https:\/\/ipgsconseils.fr\/index.php?rest_route=%2Fwp%2Fv2%2Fcomments&post=227"}],"version-history":[{"count":12,"href":"https:\/\/ipgsconseils.fr\/index.php?rest_route=\/wp\/v2\/pages\/227\/revisions"}],"predecessor-version":[{"id":344,"href":"https:\/\/ipgsconseils.fr\/index.php?rest_route=\/wp\/v2\/pages\/227\/revisions\/344"}],"wp:attachment":[{"href":"https:\/\/ipgsconseils.fr\/index.php?rest_route=%2Fwp%2Fv2%2Fmedia&parent=227"}],"curies":[{"name":"wp","href":"https:\/\/api.w.org\/{rel}","templated":true}]}}