{"id":2,"date":"2021-10-07T17:24:41","date_gmt":"2021-10-07T15:24:41","guid":{"rendered":"http:\/\/ipgsconseils.fr\/?page_id=2"},"modified":"2024-01-09T15:38:22","modified_gmt":"2024-01-09T14:38:22","slug":"envie-de-changer-de-job","status":"publish","type":"page","link":"https:\/\/ipgsconseils.fr\/","title":{"rendered":"Conseils en mobilit\u00e9 professionnelle"},"content":{"rendered":"\n<p>Vous souhaitez changer d&#8217;emploi, mais <strong>vous avez besoin d&rsquo;\u00eatre conseill\u00e9 et accompagn\u00e9 dans cette d\u00e9marche<\/strong>, afin de d\u00e9passer vos appr\u00e9hensions et d&rsquo;optimiser vos chances ?<br>Vous \u00eates au bon endroit !<\/p>\n\n\n\n<p>Coach en Insertion Emploi et Sophrologue, je peux mettre \u00e0 votre service toutes mes comp\u00e9tences professionnelles et vous accompagner efficacement dans votre nouvelle aventure \ud83c\udfaf<\/p>\n\n\n\n<p>Pour en savoir plus : <\/p>\n\n\n\n<p><a href=\"https:\/\/ipgsconseils.fr\/?page_id=148\" target=\"_blank\" rel=\"noreferrer noopener\">Envie de changer de job ? Donnez-vous toutes les chances de r\u00e9ussir !<\/a><\/p>\n\n\n\n<p><a rel=\"noreferrer noopener\" href=\"https:\/\/ipgsconseils.fr\/?page_id=64\" target=\"_blank\">Programme d&rsquo;accompagnement \u00ab\u00a0Changer de job en toute s\u00e9r\u00e9nit\u00e9\u00a0\u00bb<\/a><\/p>\n","protected":false},"excerpt":{"rendered":"<p>Vous souhaitez changer d&#8217;emploi, mais vous avez besoin d&rsquo;\u00eatre conseill\u00e9 et accompagn\u00e9 dans cette d\u00e9marche, afin de d\u00e9passer vos appr\u00e9hensions et d&rsquo;optimiser vos chances ?Vous \u00eates au bon endroit ! Coach en Insertion Emploi et Sophrologue, je peux mettre \u00e0 votre service toutes mes comp\u00e9tences professionnelles et vous accompagner efficacement dans votre nouvelle aventure \ud83c\udfaf &hellip; <\/p>\n<p class=\"link-more\"><a href=\"https:\/\/ipgsconseils.fr\/\" class=\"more-link\">Continuer la lecture<span class=\"screen-reader-text\"> de &laquo;&nbsp;Conseils en mobilit\u00e9 professionnelle&nbsp;&raquo;<\/span><\/a><\/p>\n","protected":false},"author":1,"featured_media":0,"parent":0,"menu_order":0,"comment_status":"closed","ping_status":"closed","template":"","meta":{"footnotes":""},"class_list":["post-2","page","type-page","status-publish","hentry"],"_links":{"self":[{"href":"https:\/\/ipgsconseils.fr\/index.php?rest_route=\/wp\/v2\/pages\/2","targetHints":{"allow":["GET"]}}],"collection":[{"href":"https:\/\/ipgsconseils.fr\/index.php?rest_route=\/wp\/v2\/pages"}],"about":[{"href":"https:\/\/ipgsconseils.fr\/index.php?rest_route=\/wp\/v2\/types\/page"}],"author":[{"embeddable":true,"href":"https:\/\/ipgsconseils.fr\/index.php?rest_route=\/wp\/v2\/users\/1"}],"replies":[{"embeddable":true,"href":"https:\/\/ipgsconseils.fr\/index.php?rest_route=%2Fwp%2Fv2%2Fcomments&post=2"}],"version-history":[{"count":31,"href":"https:\/\/ipgsconseils.fr\/index.php?rest_route=\/wp\/v2\/pages\/2\/revisions"}],"predecessor-version":[{"id":331,"href":"https:\/\/ipgsconseils.fr\/index.php?rest_route=\/wp\/v2\/pages\/2\/revisions\/331"}],"wp:attachment":[{"href":"https:\/\/ipgsconseils.fr\/index.php?rest_route=%2Fwp%2Fv2%2Fmedia&parent=2"}],"curies":[{"name":"wp","href":"https:\/\/api.w.org\/{rel}","templated":true}]}}