{"id":148,"date":"2021-11-04T17:40:30","date_gmt":"2021-11-04T16:40:30","guid":{"rendered":"http:\/\/ipgsconseils.fr\/?page_id=148"},"modified":"2024-01-09T15:54:32","modified_gmt":"2024-01-09T14:54:32","slug":"accueil","status":"publish","type":"page","link":"https:\/\/ipgsconseils.fr\/?page_id=148","title":{"rendered":"Envie de changer de job ?"},"content":{"rendered":"\n<h2 class=\"wp-block-heading\">Donnez-vous toutes les chances de r\u00e9ussir!<\/h2>\n\n\n\n<p>Que l&rsquo;on ait envie ou besoin de changer d&#8217;emploi, cela ne s&rsquo;improvise pas.<br>Le recrutement d&rsquo;un nouveau salari\u00e9 suit un processus bien pr\u00e9cis qui co\u00fbte cher \u00e0 l&rsquo;entreprise qui souhaite embaucher. Autant dire qu&rsquo;elle n&rsquo;a pas int\u00e9r\u00eat \u00e0 se tromper dans la s\u00e9lection du candidat final et donc qu&rsquo;elle sera exigeante ! D&rsquo;autant plus que les candidats ne manquent pas \u00e0 l&rsquo;appel&#8230;<br><br>Contrairement \u00e0 ce que l&rsquo;on peut entendre parfois, le recrutement ne se r\u00e9alise pas sur des crit\u00e8res subjectifs. Bien au contraire, le processus tr\u00e8s normalis\u00e9 du recrutement se base sur des crit\u00e8res objectifs, entre autres :<\/p>\n\n\n\n<p>\u2705 le soin du CV et de la lettre de motivation du candidat,<\/p>\n\n\n\n<p>\u2705 sa posture professionnelle,<\/p>\n\n\n\n<p>\u2705 la qualit\u00e9 et la pertinence de son ou ses entretiens de recrutement.<br><br>C&rsquo;est pourquoi il est essentiel de bien se pr\u00e9parer avant de candidater \u00e0 des offres d&#8217;emploi et de se pr\u00e9senter aux entretiens de recrutement.<br><br>La r\u00e9ussite est donc conditionn\u00e9e \u00e0 cette pr\u00e9paration tr\u00e8s s\u00e9rieuse.<br>Et quoi de mieux que de r\u00e9aliser celle-ci avec une Conseill\u00e8re en Insertion Professionnelle exp\u00e9riment\u00e9e, \u00e9tant de surcro\u00eet Sophrologue?<br><br>C&rsquo;est le service que je vous propose \u00e0 travers un programme d&rsquo;accompagnement complet et efficace, allant jusqu\u2019\u00e0 l&rsquo;entrainement \u00e0 l&rsquo;entretien et int\u00e9grant des outils pour g\u00e9rer votre stress.<\/p>\n","protected":false},"excerpt":{"rendered":"<p>Donnez-vous toutes les chances de r\u00e9ussir! Que l&rsquo;on ait envie ou besoin de changer d&#8217;emploi, cela ne s&rsquo;improvise pas.Le recrutement d&rsquo;un nouveau salari\u00e9 suit un processus bien pr\u00e9cis qui co\u00fbte cher \u00e0 l&rsquo;entreprise qui souhaite embaucher. Autant dire qu&rsquo;elle n&rsquo;a pas int\u00e9r\u00eat \u00e0 se tromper dans la s\u00e9lection du candidat final et donc qu&rsquo;elle sera &hellip; <\/p>\n<p class=\"link-more\"><a href=\"https:\/\/ipgsconseils.fr\/?page_id=148\" class=\"more-link\">Continuer la lecture<span class=\"screen-reader-text\"> de &laquo;&nbsp;Envie de changer de job ?&nbsp;&raquo;<\/span><\/a><\/p>\n","protected":false},"author":1,"featured_media":0,"parent":0,"menu_order":0,"comment_status":"closed","ping_status":"closed","template":"","meta":{"footnotes":""},"class_list":["post-148","page","type-page","status-publish","hentry"],"_links":{"self":[{"href":"https:\/\/ipgsconseils.fr\/index.php?rest_route=\/wp\/v2\/pages\/148","targetHints":{"allow":["GET"]}}],"collection":[{"href":"https:\/\/ipgsconseils.fr\/index.php?rest_route=\/wp\/v2\/pages"}],"about":[{"href":"https:\/\/ipgsconseils.fr\/index.php?rest_route=\/wp\/v2\/types\/page"}],"author":[{"embeddable":true,"href":"https:\/\/ipgsconseils.fr\/index.php?rest_route=\/wp\/v2\/users\/1"}],"replies":[{"embeddable":true,"href":"https:\/\/ipgsconseils.fr\/index.php?rest_route=%2Fwp%2Fv2%2Fcomments&post=148"}],"version-history":[{"count":16,"href":"https:\/\/ipgsconseils.fr\/index.php?rest_route=\/wp\/v2\/pages\/148\/revisions"}],"predecessor-version":[{"id":337,"href":"https:\/\/ipgsconseils.fr\/index.php?rest_route=\/wp\/v2\/pages\/148\/revisions\/337"}],"wp:attachment":[{"href":"https:\/\/ipgsconseils.fr\/index.php?rest_route=%2Fwp%2Fv2%2Fmedia&parent=148"}],"curies":[{"name":"wp","href":"https:\/\/api.w.org\/{rel}","templated":true}]}}